{"id":4840,"date":"2023-01-25T11:57:04","date_gmt":"2023-01-25T11:57:04","guid":{"rendered":"https:\/\/astriosuites.com\/?page_id=4840"},"modified":"2023-01-25T12:01:28","modified_gmt":"2023-01-25T12:01:28","slug":"serifos","status":"publish","type":"page","link":"https:\/\/astriosuites.com\/it\/serifos\/","title":{"rendered":"Serifos"},"content":{"rendered":"<div data-elementor-type=\"wp-page\" data-elementor-id=\"4840\" class=\"elementor elementor-4840\">\n\t\t\t\t\t\t<section class=\"elementor-section elementor-top-section elementor-element elementor-element-d4e5826 elementor-section-full_width elementor-section-stretched elementor-section-height-default elementor-section-height-default qodef-elementor-content-no\" data-id=\"d4e5826\" data-element_type=\"section\" data-settings=\"{&quot;stretch_section&quot;:&quot;section-stretched&quot;}\">\n\t\t\t\t\t\t<div class=\"elementor-container elementor-column-gap-default\">\n\t\t\t\t\t<div class=\"elementor-column elementor-col-100 elementor-top-column elementor-element elementor-element-ece4f26\" data-id=\"ece4f26\" data-element_type=\"column\">\n\t\t\t<div class=\"elementor-widget-wrap elementor-element-populated\">\n\t\t\t\t\t\t<div class=\"elementor-element elementor-element-d087651 elementor-widget elementor-widget-image\" data-id=\"d087651\" data-element_type=\"widget\" data-widget_type=\"image.default\">\n\t\t\t\t<div class=\"elementor-widget-container\">\n\t\t\t<style>\/*! elementor - v3.20.0 - 26-03-2024 *\/\n.elementor-widget-image{text-align:center}.elementor-widget-image a{display:inline-block}.elementor-widget-image a img[src$=\".svg\"]{width:48px}.elementor-widget-image img{vertical-align:middle;display:inline-block}<\/style>\t\t\t\t\t\t\t\t\t\t<img fetchpriority=\"high\" decoding=\"async\" width=\"1024\" height=\"676\" src=\"https:\/\/astriosuites.com\/wp-content\/uploads\/2023\/01\/serifos-island-1920-1024x676.jpg\" class=\"attachment-large size-large wp-image-4842\" alt=\"\" srcset=\"https:\/\/astriosuites.com\/wp-content\/uploads\/2023\/01\/serifos-island-1920-1024x676.jpg 1024w, https:\/\/astriosuites.com\/wp-content\/uploads\/2023\/01\/serifos-island-1920-300x198.jpg 300w, https:\/\/astriosuites.com\/wp-content\/uploads\/2023\/01\/serifos-island-1920-768x507.jpg 768w, https:\/\/astriosuites.com\/wp-content\/uploads\/2023\/01\/serifos-island-1920-1536x1014.jpg 1536w, https:\/\/astriosuites.com\/wp-content\/uploads\/2023\/01\/serifos-island-1920-600x396.jpg 600w, https:\/\/astriosuites.com\/wp-content\/uploads\/2023\/01\/serifos-island-1920.jpg 1920w\" sizes=\"(max-width: 1024px) 100vw, 1024px\" \/>\t\t\t\t\t\t\t\t\t\t\t\t\t<\/div>\n\t\t\t\t<\/div>\n\t\t\t\t\t<\/div>\n\t\t<\/div>\n\t\t\t\t\t<\/div>\n\t\t<\/section>\n\t\t\t\t<section class=\"elementor-section elementor-top-section elementor-element elementor-element-c01be82 elementor-section-boxed elementor-section-height-default elementor-section-height-default qodef-elementor-content-no\" data-id=\"c01be82\" data-element_type=\"section\">\n\t\t\t\t\t\t<div class=\"elementor-container elementor-column-gap-default\">\n\t\t\t\t\t<div class=\"elementor-column elementor-col-100 elementor-top-column elementor-element elementor-element-dfa651c\" data-id=\"dfa651c\" data-element_type=\"column\">\n\t\t\t<div class=\"elementor-widget-wrap elementor-element-populated\">\n\t\t\t\t\t\t<div class=\"elementor-element elementor-element-d72febd elementor-widget elementor-widget-alloggio_core_section_title\" data-id=\"d72febd\" data-element_type=\"widget\" data-widget_type=\"alloggio_core_section_title.default\">\n\t\t\t\t<div class=\"elementor-widget-container\">\n\t\t\t<div class=\"qodef-shortcode qodef-m  qodef-section-title qodef-alignment--center\">\n\t\t<h2 class=\"qodef-m-title\" >\n\t\t\t\t\tBenvenuti nell'isola di ferro di Serifos!\t\t\t<\/h2>\n\t<\/div>\t\t<\/div>\n\t\t\t\t<\/div>\n\t\t\t\t\t<\/div>\n\t\t<\/div>\n\t\t\t\t\t<\/div>\n\t\t<\/section>\n\t\t\t\t<section class=\"elementor-section elementor-top-section elementor-element elementor-element-7997c11 elementor-section-boxed elementor-section-height-default elementor-section-height-default qodef-elementor-content-no\" data-id=\"7997c11\" data-element_type=\"section\">\n\t\t\t\t\t\t<div class=\"elementor-container elementor-column-gap-default\">\n\t\t\t\t\t<div class=\"elementor-column elementor-col-100 elementor-top-column elementor-element elementor-element-a15a5d3\" data-id=\"a15a5d3\" data-element_type=\"column\">\n\t\t\t<div class=\"elementor-widget-wrap elementor-element-populated\">\n\t\t\t\t\t\t<div class=\"elementor-element elementor-element-5a162f0 elementor-widget elementor-widget-text-editor\" data-id=\"5a162f0\" data-element_type=\"widget\" data-widget_type=\"text-editor.default\">\n\t\t\t\t<div class=\"elementor-widget-container\">\n\t\t\t<style>\/*! elementor - v3.20.0 - 26-03-2024 *\/\n.elementor-widget-text-editor.elementor-drop-cap-view-stacked .elementor-drop-cap{background-color:#69727d;color:#fff}.elementor-widget-text-editor.elementor-drop-cap-view-framed .elementor-drop-cap{color:#69727d;border:3px solid;background-color:transparent}.elementor-widget-text-editor:not(.elementor-drop-cap-view-default) .elementor-drop-cap{margin-top:8px}.elementor-widget-text-editor:not(.elementor-drop-cap-view-default) .elementor-drop-cap-letter{width:1em;height:1em}.elementor-widget-text-editor .elementor-drop-cap{float:left;text-align:center;line-height:1;font-size:50px}.elementor-widget-text-editor .elementor-drop-cap-letter{display:inline-block}<\/style>\t\t\t\t<p>L'isola cicladica di Serifos \u00e8 una delle pi\u00f9 belle destinazioni fuori dai sentieri battuti dell'Egeo! Senza un numero eccessivo di strutture turistiche, ha mantenuto la sua atmosfera tradizionale e la bellezza selvaggia del suo paesaggio naturale!<\/p><p>Avere un\u00a0<strong>81 km di costa<\/strong>Serifos vanta un'ampia selezione di\u00a0<strong>spiagge<\/strong>! Organizzate o appartate, sabbiose o con ciottoli, le spiagge dell'isola sono perfette per rilassarsi e godersi la propria privacy lontano dalle affollate Cicladi.<br \/><strong>Livadi<\/strong>\u00a0e\u00a0<strong>Livadakia<\/strong>\u00a0sono i pi\u00f9 popolari!<\/p><p>Nella mitologia greca, Serifo \u00e8 il luogo in cui Danae e il figlio neonato Perseo approdarono dopo che il padre Acrisio, in risposta a un oracolo secondo il quale il nipote lo avrebbe ucciso, li lasci\u00f2 alla deriva in mare in una cassa di legno. Quando Perseo torn\u00f2 a Serifo con la testa della Gorgone Medusa, trasform\u00f2 Polidektes, il re di Serifo, e i suoi servitori in pietra come punizione per il tentativo del re di sposare sua madre con la forza.<\/p><p>Nell'antichit\u00e0, l'isola era proverbiale per la presunta mutezza delle sue rane.[3] Durante il periodo imperiale romano, Serifos fu un luogo di esilio. Dopo il 1204 divenne una dipendenza minore dei duchi veneziani dell'arcipelago. Alla fine del XIX secolo Serifos conobbe un modesto boom economico grazie allo sfruttamento degli estesi giacimenti di ferro dell'isola. Le miniere sono state chiuse negli anni '60 e oggi Serifos dipende dal turismo e dall'agricoltura su piccola scala.<\/p>\t\t\t\t\t\t<\/div>\n\t\t\t\t<\/div>\n\t\t\t\t\t<\/div>\n\t\t<\/div>\n\t\t\t\t\t<\/div>\n\t\t<\/section>\n\t\t\t\t<\/div>","protected":false},"excerpt":{"rendered":"<p>Benvenuti sull'isola \"di ferro\" di Serifos! L'isola cicladica di Serifos \u00e8 una delle pi\u00f9 belle destinazioni fuori dai sentieri battuti dell'Egeo! Senza un numero eccessivo di strutture turistiche, ha mantenuto la sua atmosfera tradizionale e la bellezza selvaggia del suo paesaggio naturale! Con una costa lunga 81 km, Serifos vanta una grande [...]<\/p>","protected":false},"author":1,"featured_media":0,"parent":0,"menu_order":0,"comment_status":"closed","ping_status":"closed","template":"","meta":{"footnotes":""},"jetpack_sharing_enabled":true,"_links":{"self":[{"href":"https:\/\/astriosuites.com\/it\/wp-json\/wp\/v2\/pages\/4840"}],"collection":[{"href":"https:\/\/astriosuites.com\/it\/wp-json\/wp\/v2\/pages"}],"about":[{"href":"https:\/\/astriosuites.com\/it\/wp-json\/wp\/v2\/types\/page"}],"author":[{"embeddable":true,"href":"https:\/\/astriosuites.com\/it\/wp-json\/wp\/v2\/users\/1"}],"replies":[{"embeddable":true,"href":"https:\/\/astriosuites.com\/it\/wp-json\/wp\/v2\/comments?post=4840"}],"version-history":[{"count":7,"href":"https:\/\/astriosuites.com\/it\/wp-json\/wp\/v2\/pages\/4840\/revisions"}],"predecessor-version":[{"id":4848,"href":"https:\/\/astriosuites.com\/it\/wp-json\/wp\/v2\/pages\/4840\/revisions\/4848"}],"wp:attachment":[{"href":"https:\/\/astriosuites.com\/it\/wp-json\/wp\/v2\/media?parent=4840"}],"curies":[{"name":"wp","href":"https:\/\/api.w.org\/{rel}","templated":true}]}}